{"id":15,"date":"2024-08-09T14:35:45","date_gmt":"2024-08-09T12:35:45","guid":{"rendered":"https:\/\/szomszed.com\/?page_id=15"},"modified":"2025-05-05T20:35:19","modified_gmt":"2025-05-05T18:35:19","slug":"rolunk","status":"publish","type":"page","link":"https:\/\/szomszed.com\/sk\/rolunk\/","title":{"rendered":"O n\u00e1s"},"content":{"rendered":"<div data-elementor-type=\"wp-page\" data-elementor-id=\"15\" class=\"elementor elementor-15\" data-elementor-post-type=\"page\">\n\t\t\t\t<div class=\"elementor-element elementor-element-0425c31 e-flex e-con-boxed e-con e-parent\" data-id=\"0425c31\" data-element_type=\"container\" data-settings=\"{&quot;background_background&quot;:&quot;classic&quot;}\">\n\t\t\t\t\t<div class=\"e-con-inner\">\n\t\t<div class=\"elementor-element elementor-element-3942079 e-con-full e-flex e-con e-child\" data-id=\"3942079\" data-element_type=\"container\">\n\t\t\t\t<div class=\"elementor-element elementor-element-17093b3 elementor-widget elementor-widget-heading\" data-id=\"17093b3\" data-element_type=\"widget\" data-widget_type=\"heading.default\">\n\t\t\t\t<div class=\"elementor-widget-container\">\n\t\t\t\t\t<h1 class=\"elementor-heading-title elementor-size-default\">O n\u00e1s<\/h1>\t\t\t\t<\/div>\n\t\t\t\t<\/div>\n\t\t\t\t<div class=\"elementor-element elementor-element-8caf08d elementor-widget elementor-widget-text-editor\" data-id=\"8caf08d\" data-element_type=\"widget\" data-widget_type=\"text-editor.default\">\n\t\t\t\t<div class=\"elementor-widget-container\">\n\t\t\t\t\t\t\t\t\t<p class=\"about-text aos-init aos-animate\" data-aos=\"fade-up\" data-aos-once=\"true\" data-aos-delay=\"500\"><strong>Mil\u00ed susedia a bud\u00faci susedia! Alias Szomsz\u00e9dok!<\/strong><br \/>Presk\u00famajte s nami Szomsz\u00e9d, jeden z klenotov centra Gy\u0151ru, kde je ka\u017ed\u00fd detail vybudovan\u00fd s na\u0161\u00edm srdcom a v\u00e1\u0161\u0148ou. \u00datuln\u00e9 miesto, kde sa m\u00f4\u017eete c\u00edti\u0165 ako doma, odd\u00fdchnu\u0165 si po n\u00e1ro\u010dnom dni. Odho\u010fte starosti a dovo\u013ete n\u00e1m vy\u010dari\u0165 v\u00e1m \u00fasmev na tv\u00e1ri.<\/p><p class=\"about-text aos-init aos-animate\" data-aos=\"fade-up\" data-aos-once=\"true\" data-aos-delay=\"500\"><strong>\u010co pon\u00faka Szomsz\u00e9d?<\/strong><\/p><ul><li>Jedine\u010dn\u00e9 koktaily a \u0161peci\u00e1lna k\u00e1va: S hrdos\u0165ou pon\u00fakame na\u0161u vlastn\u00fa zna\u010dku \u0161peci\u00e1lnej k\u00e1vy (Red Lab Coffee), ktorej svetlo pra\u017een\u00e1 verzia \u0165a ka\u017ed\u00e9 dva t\u00fd\u017edne vezme do novej oblasti, spolu s viac ako 200 druhmi destil\u00e1tov z cel\u00e9ho sveta. Medzi na\u0161imi koktailmi n\u00e1jde\u0161 tak klasick\u00e9, ako aj na\u0161e \u201eSignature\u201c n\u00e1poje, ktor\u00e9 najprv sk\u00fa\u0161ame na medzin\u00e1rodn\u00fdch a dom\u00e1cich s\u00fa\u0165a\u017eiach.<\/li><li>Kuchy\u0148a Bistro: \u0161irok\u00e1 ponuka \u010derstv\u00fdch dom\u00e1cich jed\u00e1l vr\u00e1tane dom\u00e1cich halu\u0161iek, tagliatelle, \u010derstvo upe\u010den\u00e9ho kr\u010dmov\u00e9ho jedla a \u0161\u0165avnat\u00fdch \u0161al\u00e1tov. Nenechajte si ujs\u0165 ani dom\u00e1ce dezerty!<\/li><li>Susedsk\u00e1 siesta: Pravidelne prich\u00e1dzame s nov\u00fdmi sez\u00f3nnymi ponukami, tak\u017ee v\u017edy je \u010do objavova\u0165.<\/li><\/ul><p class=\"about-text aos-init aos-animate\" data-aos=\"fade-up\" data-aos-once=\"true\" data-aos-delay=\"500\"><strong>V \u010dom sme jedine\u010dn\u00ed?<\/strong><\/p><ul><li>Odbornos\u0165 a v\u00e1\u0161e\u0148: na\u0161i kolegovia sa pravidelne z\u00fa\u010dast\u0148uj\u00fa na s\u00fa\u0165a\u017eiach v pr\u00edprave koktailov a k\u00e1vy a neust\u00e1le sa zdokona\u013euj\u00fa, aby v\u00e1m priniesli to najlep\u0161ie.<\/li><li>Neust\u00e1la obnova: u\u017e \u0161es\u0165 rokov pracujeme na vn\u00fatornej aj vonkaj\u0161ej obnove, aby sme v\u00e1m mohli pon\u00faknu\u0165 v\u017edy nov\u00e9 a vzru\u0161uj\u00face z\u00e1\u017eitky.<\/li><li>Viac ako bar: The Neighbourhood je komunitn\u00e9 miesto, kde si m\u00f4\u017eete n\u00e1js\u0165 nov\u00fdch priate\u013eov a kde sa ka\u017ed\u00fd c\u00edti ako doma.<\/li><\/ul><p class=\"about-text aos-init aos-animate\" data-aos=\"fade-up\" data-aos-once=\"true\" data-aos-delay=\"500\"><strong>Podujatia a stravovanie<\/strong><br \/>\u010ci u\u017e ide o svadbu, firemn\u00fa akciu alebo ak\u00fako\u013evek \u0161peci\u00e1lnu pr\u00edle\u017eitos\u0165, m\u00e1me pre v\u00e1s vysokokvalitn\u00e9 cateringov\u00e9 slu\u017eby. M\u00f4\u017eete sa s nami stretn\u00fa\u0165 aj na r\u00f4znych gastronomick\u00fdch podujatiach po celej krajine, kde Va\u0161im Susedom predstav\u00edme bu\u010f konkr\u00e9tny segment (koktaily, k\u00e1vy, bistro kuchy\u0148a), alebo cel\u00fd n\u00e1\u0161 reperto\u00e1r!<\/p><p class=\"about-text aos-init aos-animate\" data-aos=\"fade-up\" data-aos-once=\"true\" data-aos-delay=\"500\"><strong>\u010cak\u00e1me na v\u00e1s s l\u00e1skou!<\/strong><br \/>Nav\u0161t\u00edvte n\u00e1s a za\u017eite jedine\u010dn\u00fa atmosf\u00e9ru Neighbourhood, ochutnajte na\u0161e \u0161peci\u00e1lne n\u00e1poje a jedl\u00e1 a sta\u0148te sa s\u00fa\u010das\u0165ou neust\u00e1leho obnovovania a komunity, ktor\u00fa tu spolo\u010dne vytv\u00e1rame. Susedstvo je otvoren\u00e9 ka\u017ed\u00fd de\u0148, ka\u017ed\u00fd de\u0148 v t\u00fd\u017edni a \u010dak\u00e1 na v\u00e1s!<\/p>\t\t\t\t\t\t\t\t<\/div>\n\t\t\t\t<\/div>\n\t\t\t\t<\/div>\n\t\t<div class=\"elementor-element elementor-element-8f10fc8 e-con-full e-flex e-con e-child\" data-id=\"8f10fc8\" data-element_type=\"container\">\n\t\t\t\t<div class=\"elementor-element elementor-element-1f846f5 elementor-widget elementor-widget-image\" data-id=\"1f846f5\" data-element_type=\"widget\" data-settings=\"{&quot;sticky&quot;:&quot;top&quot;,&quot;sticky_on&quot;:[&quot;desktop&quot;,&quot;tablet&quot;],&quot;sticky_offset&quot;:160,&quot;sticky_parent&quot;:&quot;yes&quot;,&quot;sticky_effects_offset&quot;:0,&quot;sticky_anchor_link_offset&quot;:0}\" data-widget_type=\"image.default\">\n\t\t\t\t<div class=\"elementor-widget-container\">\n\t\t\t\t\t\t\t\t\t\t\t\t\t\t\t<img fetchpriority=\"high\" decoding=\"async\" width=\"800\" height=\"572\" src=\"https:\/\/szomszed.com\/wp-content\/uploads\/2024\/08\/welcome.45d4474d.webp\" class=\"attachment-large size-large wp-image-585\" alt=\"\" srcset=\"https:\/\/szomszed.com\/wp-content\/uploads\/2024\/08\/welcome.45d4474d.webp 941w, https:\/\/szomszed.com\/wp-content\/uploads\/2024\/08\/welcome.45d4474d-300x215.webp 300w, https:\/\/szomszed.com\/wp-content\/uploads\/2024\/08\/welcome.45d4474d-768x549.webp 768w, https:\/\/szomszed.com\/wp-content\/uploads\/2024\/08\/welcome.45d4474d-18x12.webp 18w\" sizes=\"(max-width: 800px) 100vw, 800px\" \/>\t\t\t\t\t\t\t\t\t\t\t\t\t\t\t<\/div>\n\t\t\t\t<\/div>\n\t\t\t\t<\/div>\n\t\t\t\t\t<\/div>\n\t\t\t\t<\/div>\n\t\t\t\t<\/div>","protected":false},"excerpt":{"rendered":"<p>R\u00f3lunk Kedves Szomsz\u00e9dok \u00e9s leend\u0151 Szomsz\u00e9ds\u00e1g!Fedezz\u00e9tek fel vel\u00fcnk a Szomsz\u00e9dot, Gy\u0151r belv\u00e1ros\u00e1nak egyik gy\u00f6ngyszem\u00e9t, ahol minden egyes r\u00e9szlet a sz\u00edv\u00fcnkb\u0151l \u00e9s szenved\u00e9ly\u00fcnkb\u0151l \u00e9p\u00fclt. Egy meghitt hely, ahol otthon \u00e9rezhetitek magatokat, ellazulhattok egy f\u00e1raszt\u00f3 nap ut\u00e1n. Engedj\u00e9tek el a gondjaitokat, \u00e9s hagyj\u00e1tok, hogy mi var\u00e1zsoljunk mosolyt az arcotokra. Mit K\u00edn\u00e1l a Szomsz\u00e9d? Egyedi Kokt\u00e9lok \u00e9s Specialty [&hellip;]<\/p>","protected":false},"author":1,"featured_media":0,"parent":0,"menu_order":0,"comment_status":"closed","ping_status":"closed","template":"elementor_header_footer","meta":{"footnotes":""},"class_list":["post-15","page","type-page","status-publish","hentry"],"_links":{"self":[{"href":"https:\/\/szomszed.com\/sk\/wp-json\/wp\/v2\/pages\/15","targetHints":{"allow":["GET"]}}],"collection":[{"href":"https:\/\/szomszed.com\/sk\/wp-json\/wp\/v2\/pages"}],"about":[{"href":"https:\/\/szomszed.com\/sk\/wp-json\/wp\/v2\/types\/page"}],"author":[{"embeddable":true,"href":"https:\/\/szomszed.com\/sk\/wp-json\/wp\/v2\/users\/1"}],"replies":[{"embeddable":true,"href":"https:\/\/szomszed.com\/sk\/wp-json\/wp\/v2\/comments?post=15"}],"version-history":[{"count":9,"href":"https:\/\/szomszed.com\/sk\/wp-json\/wp\/v2\/pages\/15\/revisions"}],"predecessor-version":[{"id":1294,"href":"https:\/\/szomszed.com\/sk\/wp-json\/wp\/v2\/pages\/15\/revisions\/1294"}],"wp:attachment":[{"href":"https:\/\/szomszed.com\/sk\/wp-json\/wp\/v2\/media?parent=15"}],"curies":[{"name":"wp","href":"https:\/\/api.w.org\/{rel}","templated":true}]}}