{"id":24,"date":"2024-08-09T14:36:47","date_gmt":"2024-08-09T12:36:47","guid":{"rendered":"https:\/\/szomszed.com\/?page_id=24"},"modified":"2024-08-09T17:45:33","modified_gmt":"2024-08-09T15:45:33","slug":"catering","status":"publish","type":"page","link":"https:\/\/szomszed.com\/es\/catering\/","title":{"rendered":"Catering"},"content":{"rendered":"<div data-elementor-type=\"wp-page\" data-elementor-id=\"24\" class=\"elementor elementor-24\" data-elementor-post-type=\"page\">\n\t\t\t\t<div class=\"elementor-element elementor-element-8c837df e-flex e-con-boxed e-con e-parent\" data-id=\"8c837df\" data-element_type=\"container\" data-settings=\"{&quot;background_background&quot;:&quot;classic&quot;}\">\n\t\t\t\t\t<div class=\"e-con-inner\">\n\t\t<div class=\"elementor-element elementor-element-83be198 e-con-full e-flex e-con e-child\" data-id=\"83be198\" data-element_type=\"container\">\n\t\t\t\t<div class=\"elementor-element elementor-element-cc30938 elementor-widget elementor-widget-heading\" data-id=\"cc30938\" data-element_type=\"widget\" data-widget_type=\"heading.default\">\n\t\t\t\t<div class=\"elementor-widget-container\">\n\t\t\t\t\t<h1 class=\"elementor-heading-title elementor-size-default\">Catering<\/h1>\t\t\t\t<\/div>\n\t\t\t\t<\/div>\n\t\t\t\t<div class=\"elementor-element elementor-element-c9d2670 elementor-widget elementor-widget-text-editor\" data-id=\"c9d2670\" data-element_type=\"widget\" data-widget_type=\"text-editor.default\">\n\t\t\t\t<div class=\"elementor-widget-container\">\n\t\t\t\t\t\t\t\t\t<p class=\"about-text\">Szomsz\u00e9d Cocktail Bar and Caf\u00e9 se complace en ayudar con el catering para diversos eventos con bebidas y comida. Ya se trate de una recepci\u00f3n de bebidas de la boda con Gin &amp; Tonics especiales y emocionantes c\u00f3cteles. Si desea disfrutar de un caf\u00e9 de calidad con deliciosos aperitivos durante el descanso de una presentaci\u00f3n de negocios. Tal vez se trate de hacer m\u00e1s especial un cumplea\u00f1os, con los favoritos del celebrante. Tambi\u00e9n estamos abiertos a peticiones individuales.<\/p><p class=\"about-text\">Si est\u00e1 interesado, p\u00f3ngase en contacto con nosotros por correo electr\u00f3nico.<\/p><ul><li class=\"about-text aos-init aos-animate\" data-aos=\"fade-uli\" data-aos-once=\"true\" data-aos-delay=\"500\">Boda<\/li><li class=\"about-text aos-init aos-animate\" data-aos=\"fade-uli\" data-aos-once=\"true\" data-aos-delay=\"500\">Festival<\/li><li class=\"about-text aos-init aos-animate\" data-aos=\"fade-uli\" data-aos-once=\"true\" data-aos-delay=\"500\">Cumplea\u00f1os<\/li><li class=\"about-text aos-init aos-animate\" data-aos=\"fade-uli\" data-aos-once=\"true\" data-aos-delay=\"500\">Evento de empresa<\/li><li class=\"about-text aos-init aos-animate\" data-aos=\"fade-uli\" data-aos-once=\"true\" data-aos-delay=\"500\">Exposiciones \/ Presentaciones comerciales<\/li><\/ul>\t\t\t\t\t\t\t\t<\/div>\n\t\t\t\t<\/div>\n\t\t\t\t<\/div>\n\t\t\t\t\t<\/div>\n\t\t\t\t<\/div>\n\t\t\t\t<\/div>","protected":false},"excerpt":{"rendered":"<p>Catering A Szomsz\u00e9d Kokt\u00e9lb\u00e1r \u00e9s K\u00e1v\u00e9z\u00f3 \u00f6r\u00f6mmel seg\u00edt k\u00fcl\u00f6nb\u00f6z\u0151 rendezv\u00e9nyek ital \u00e9s \u00e9tel catering szolg\u00e1ltat\u00e1sban. Legyen sz\u00f3 egy esk\u00fcv\u0151i italoz\u00e1sr\u00f3l k\u00fcl\u00f6nleges Gin &amp; Tonikokkal \u00e9s izgalmas Kokt\u00e9lokkal. Ak\u00e1r egy \u00fczleti el\u0151ad\u00e1s sz\u00fcnet\u00e9ben szeretn\u00e9tek min\u0151s\u00e9gi k\u00e1v\u00e9t fogyasztani, finom kis harapnival\u00f3kkal. Lehet, sz\u00f3 egy sz\u00fclet\u00e9snap k\u00fcl\u00f6nlegesebb\u00e9 t\u00e9tel\u00e9r\u0151l, az \u00fcnnepelt kedvenceivel. Ezen fel\u00fcl nyitottak vagyunk egyedi megkeres\u00e9sekre. Amennyiben [&hellip;]<\/p>","protected":false},"author":1,"featured_media":0,"parent":0,"menu_order":0,"comment_status":"closed","ping_status":"closed","template":"elementor_header_footer","meta":{"footnotes":""},"class_list":["post-24","page","type-page","status-publish","hentry"],"_links":{"self":[{"href":"https:\/\/szomszed.com\/es\/wp-json\/wp\/v2\/pages\/24","targetHints":{"allow":["GET"]}}],"collection":[{"href":"https:\/\/szomszed.com\/es\/wp-json\/wp\/v2\/pages"}],"about":[{"href":"https:\/\/szomszed.com\/es\/wp-json\/wp\/v2\/types\/page"}],"author":[{"embeddable":true,"href":"https:\/\/szomszed.com\/es\/wp-json\/wp\/v2\/users\/1"}],"replies":[{"embeddable":true,"href":"https:\/\/szomszed.com\/es\/wp-json\/wp\/v2\/comments?post=24"}],"version-history":[{"count":0,"href":"https:\/\/szomszed.com\/es\/wp-json\/wp\/v2\/pages\/24\/revisions"}],"wp:attachment":[{"href":"https:\/\/szomszed.com\/es\/wp-json\/wp\/v2\/media?parent=24"}],"curies":[{"name":"wp","href":"https:\/\/api.w.org\/{rel}","templated":true}]}}