{"id":15,"date":"2024-08-09T14:35:45","date_gmt":"2024-08-09T12:35:45","guid":{"rendered":"https:\/\/szomszed.com\/?page_id=15"},"modified":"2025-05-05T20:35:19","modified_gmt":"2025-05-05T18:35:19","slug":"rolunk","status":"publish","type":"page","link":"https:\/\/szomszed.com\/es\/rolunk\/","title":{"rendered":"Qui\u00e9nes somos"},"content":{"rendered":"<div data-elementor-type=\"wp-page\" data-elementor-id=\"15\" class=\"elementor elementor-15\" data-elementor-post-type=\"page\">\n\t\t\t\t<div class=\"elementor-element elementor-element-0425c31 e-flex e-con-boxed e-con e-parent\" data-id=\"0425c31\" data-element_type=\"container\" data-settings=\"{&quot;background_background&quot;:&quot;classic&quot;}\">\n\t\t\t\t\t<div class=\"e-con-inner\">\n\t\t<div class=\"elementor-element elementor-element-3942079 e-con-full e-flex e-con e-child\" data-id=\"3942079\" data-element_type=\"container\">\n\t\t\t\t<div class=\"elementor-element elementor-element-17093b3 elementor-widget elementor-widget-heading\" data-id=\"17093b3\" data-element_type=\"widget\" data-widget_type=\"heading.default\">\n\t\t\t\t<div class=\"elementor-widget-container\">\n\t\t\t\t\t<h1 class=\"elementor-heading-title elementor-size-default\">Qui\u00e9nes somos<\/h1>\t\t\t\t<\/div>\n\t\t\t\t<\/div>\n\t\t\t\t<div class=\"elementor-element elementor-element-8caf08d elementor-widget elementor-widget-text-editor\" data-id=\"8caf08d\" data-element_type=\"widget\" data-widget_type=\"text-editor.default\">\n\t\t\t\t<div class=\"elementor-widget-container\">\n\t\t\t\t\t\t\t\t\t<p class=\"about-text aos-init aos-animate\" data-aos=\"fade-up\" data-aos-once=\"true\" data-aos-delay=\"500\"><strong>\u00a1Queridos vecinos y futuros vecinos! Alias Szomsz\u00e9dok!<\/strong><br \/>Explora con nosotros Szomsz\u00e9d, una de las joyas del centro de Gy\u0151r, donde cada detalle est\u00e1 construido con nuestro coraz\u00f3n y pasi\u00f3n. Un lugar acogedor donde sentirse como en casa, relajarse despu\u00e9s de un d\u00eda agotador. Olv\u00eddese de sus preocupaciones y deje que le sonriamos.<\/p><p class=\"about-text aos-init aos-animate\" data-aos=\"fade-up\" data-aos-once=\"true\" data-aos-delay=\"500\"><strong>\u00bfQu\u00e9 ofrece el Szomsz\u00e9d?<\/strong><\/p><ul><li>C\u00f3cteles \u00fanicos y caf\u00e9 de especialidad: Nos enorgullece ofrecer nuestra propia marca (Red Lab Coffee) de caf\u00e9 de especialidad, cuya versi\u00f3n de tueste claro te lleva a una nueva regi\u00f3n cada dos semanas, adem\u00e1s de contar con m\u00e1s de 200 variedades de licores de todo el mundo. Entre nuestros c\u00f3cteles encontrar\u00e1s tanto los cl\u00e1sicos de siempre como nuestras creaciones \u201cSignature\u201d, que primero ponemos a prueba en competiciones internacionales y nacionales.<\/li><li>Bistro Kitchen: una amplia gama de platos frescos y caseros, como \u00f1oquis caseros, tallarines, comida de pub reci\u00e9n horneada y suculentas ensaladas. No se pierda tampoco los postres caseros.<\/li><li>Neighbourly Siesta: Presentamos regularmente nuevas ofertas de temporada, por lo que siempre hay algo interesante que descubrir.<\/li><\/ul><p class=\"about-text aos-init aos-animate\" data-aos=\"fade-up\" data-aos-once=\"true\" data-aos-delay=\"500\"><strong>\u00bfQu\u00e9 nos hace \u00fanicos?<\/strong><\/p><ul><li>Experiencia y pasi\u00f3n: nuestros compa\u00f1eros participan regularmente en concursos de c\u00f3cteles y caf\u00e9s, mejorando constantemente sus habilidades para ofrecerle lo mejor.<\/li><li>Renovaci\u00f3n constante: llevamos seis a\u00f1os trabajando para renovarnos tanto interna como externamente, de modo que podamos ofrecerle siempre una experiencia fresca y emocionante.<\/li><li>M\u00e1s que un bar: El Vecindario es un lugar comunitario donde se pueden hacer nuevos amigos y todo el mundo se siente como en casa.<\/li><\/ul><p class=\"about-text aos-init aos-animate\" data-aos=\"fade-up\" data-aos-once=\"true\" data-aos-delay=\"500\"><strong>Eventos y catering<\/strong><br \/>Ya sea una boda, un evento corporativo o cualquier ocasi\u00f3n especial, tenemos un servicio de catering de alta calidad para usted. Tambi\u00e9n puede encontrarnos en diversos eventos gastron\u00f3micos por todo el pa\u00eds, donde presentaremos a su Vecino un segmento espec\u00edfico (c\u00f3cteles, caf\u00e9s, cocina bistr\u00f3) \u00a1o todo nuestro repertorio!<\/p><p class=\"about-text aos-init aos-animate\" data-aos=\"fade-up\" data-aos-once=\"true\" data-aos-delay=\"500\"><strong>\u00a1Te esperamos con Amor!<\/strong><br \/>Vis\u00edtenos y experimente el ambiente \u00fanico del Vecindario, pruebe nuestras bebidas y comidas especiales, y forme parte de la renovaci\u00f3n constante y de la comunidad que creamos aqu\u00ed juntos. Abierto todos los d\u00edas, todos los d\u00edas de la semana, \u00a1el Vecindario le est\u00e1 esperando!<\/p>\t\t\t\t\t\t\t\t<\/div>\n\t\t\t\t<\/div>\n\t\t\t\t<\/div>\n\t\t<div class=\"elementor-element elementor-element-8f10fc8 e-con-full e-flex e-con e-child\" data-id=\"8f10fc8\" data-element_type=\"container\">\n\t\t\t\t<div class=\"elementor-element elementor-element-1f846f5 elementor-widget elementor-widget-image\" data-id=\"1f846f5\" data-element_type=\"widget\" data-settings=\"{&quot;sticky&quot;:&quot;top&quot;,&quot;sticky_on&quot;:[&quot;desktop&quot;,&quot;tablet&quot;],&quot;sticky_offset&quot;:160,&quot;sticky_parent&quot;:&quot;yes&quot;,&quot;sticky_effects_offset&quot;:0,&quot;sticky_anchor_link_offset&quot;:0}\" data-widget_type=\"image.default\">\n\t\t\t\t<div class=\"elementor-widget-container\">\n\t\t\t\t\t\t\t\t\t\t\t\t\t\t\t<img fetchpriority=\"high\" decoding=\"async\" width=\"800\" height=\"572\" src=\"https:\/\/szomszed.com\/wp-content\/uploads\/2024\/08\/welcome.45d4474d.webp\" class=\"attachment-large size-large wp-image-585\" alt=\"\" srcset=\"https:\/\/szomszed.com\/wp-content\/uploads\/2024\/08\/welcome.45d4474d.webp 941w, https:\/\/szomszed.com\/wp-content\/uploads\/2024\/08\/welcome.45d4474d-300x215.webp 300w, https:\/\/szomszed.com\/wp-content\/uploads\/2024\/08\/welcome.45d4474d-768x549.webp 768w, https:\/\/szomszed.com\/wp-content\/uploads\/2024\/08\/welcome.45d4474d-18x12.webp 18w\" sizes=\"(max-width: 800px) 100vw, 800px\" \/>\t\t\t\t\t\t\t\t\t\t\t\t\t\t\t<\/div>\n\t\t\t\t<\/div>\n\t\t\t\t<\/div>\n\t\t\t\t\t<\/div>\n\t\t\t\t<\/div>\n\t\t\t\t<\/div>","protected":false},"excerpt":{"rendered":"<p>R\u00f3lunk Kedves Szomsz\u00e9dok \u00e9s leend\u0151 Szomsz\u00e9ds\u00e1g!Fedezz\u00e9tek fel vel\u00fcnk a Szomsz\u00e9dot, Gy\u0151r belv\u00e1ros\u00e1nak egyik gy\u00f6ngyszem\u00e9t, ahol minden egyes r\u00e9szlet a sz\u00edv\u00fcnkb\u0151l \u00e9s szenved\u00e9ly\u00fcnkb\u0151l \u00e9p\u00fclt. Egy meghitt hely, ahol otthon \u00e9rezhetitek magatokat, ellazulhattok egy f\u00e1raszt\u00f3 nap ut\u00e1n. Engedj\u00e9tek el a gondjaitokat, \u00e9s hagyj\u00e1tok, hogy mi var\u00e1zsoljunk mosolyt az arcotokra. Mit K\u00edn\u00e1l a Szomsz\u00e9d? Egyedi Kokt\u00e9lok \u00e9s Specialty [&hellip;]<\/p>","protected":false},"author":1,"featured_media":0,"parent":0,"menu_order":0,"comment_status":"closed","ping_status":"closed","template":"elementor_header_footer","meta":{"footnotes":""},"class_list":["post-15","page","type-page","status-publish","hentry"],"_links":{"self":[{"href":"https:\/\/szomszed.com\/es\/wp-json\/wp\/v2\/pages\/15","targetHints":{"allow":["GET"]}}],"collection":[{"href":"https:\/\/szomszed.com\/es\/wp-json\/wp\/v2\/pages"}],"about":[{"href":"https:\/\/szomszed.com\/es\/wp-json\/wp\/v2\/types\/page"}],"author":[{"embeddable":true,"href":"https:\/\/szomszed.com\/es\/wp-json\/wp\/v2\/users\/1"}],"replies":[{"embeddable":true,"href":"https:\/\/szomszed.com\/es\/wp-json\/wp\/v2\/comments?post=15"}],"version-history":[{"count":9,"href":"https:\/\/szomszed.com\/es\/wp-json\/wp\/v2\/pages\/15\/revisions"}],"predecessor-version":[{"id":1294,"href":"https:\/\/szomszed.com\/es\/wp-json\/wp\/v2\/pages\/15\/revisions\/1294"}],"wp:attachment":[{"href":"https:\/\/szomszed.com\/es\/wp-json\/wp\/v2\/media?parent=15"}],"curies":[{"name":"wp","href":"https:\/\/api.w.org\/{rel}","templated":true}]}}