{"id":15,"date":"2024-08-09T14:35:45","date_gmt":"2024-08-09T12:35:45","guid":{"rendered":"https:\/\/szomszed.com\/?page_id=15"},"modified":"2025-05-05T20:35:19","modified_gmt":"2025-05-05T18:35:19","slug":"rolunk","status":"publish","type":"page","link":"https:\/\/szomszed.com\/en\/rolunk\/","title":{"rendered":"About us"},"content":{"rendered":"<div data-elementor-type=\"wp-page\" data-elementor-id=\"15\" class=\"elementor elementor-15\" data-elementor-post-type=\"page\">\n\t\t\t\t<div class=\"elementor-element elementor-element-0425c31 e-flex e-con-boxed e-con e-parent\" data-id=\"0425c31\" data-element_type=\"container\" data-settings=\"{&quot;background_background&quot;:&quot;classic&quot;}\">\n\t\t\t\t\t<div class=\"e-con-inner\">\n\t\t<div class=\"elementor-element elementor-element-3942079 e-con-full e-flex e-con e-child\" data-id=\"3942079\" data-element_type=\"container\">\n\t\t\t\t<div class=\"elementor-element elementor-element-17093b3 elementor-widget elementor-widget-heading\" data-id=\"17093b3\" data-element_type=\"widget\" data-widget_type=\"heading.default\">\n\t\t\t\t<div class=\"elementor-widget-container\">\n\t\t\t\t\t<h1 class=\"elementor-heading-title elementor-size-default\">About us<\/h1>\t\t\t\t<\/div>\n\t\t\t\t<\/div>\n\t\t\t\t<div class=\"elementor-element elementor-element-8caf08d elementor-widget elementor-widget-text-editor\" data-id=\"8caf08d\" data-element_type=\"widget\" data-widget_type=\"text-editor.default\">\n\t\t\t\t<div class=\"elementor-widget-container\">\n\t\t\t\t\t\t\t\t\t<p class=\"about-text aos-init aos-animate\" data-aos=\"fade-up\" data-aos-once=\"true\" data-aos-delay=\"500\"><strong>Dear Neighbours and future Neighbours! Alias Szomsz\u00e9dok!<\/strong><br \/>Explore with us Szomsz\u00e9d, one of the gems of downtown Gy\u0151r, where every detail is built with our heart and passion. A cosy place where you can feel at home, relax after a tiring day. Let go of your worries and let us put a smile on your face.<\/p><p class=\"about-text aos-init aos-animate\" data-aos=\"fade-up\" data-aos-once=\"true\" data-aos-delay=\"500\"><strong>What does the Szomsz\u00e9dr Offer?<\/strong><\/p><ul><li>Unique Cocktails and Specialty Coffee: We're proud to offer our very own brand of specialty coffee (Red Lab Coffee), whose light roast version takes you on a journey to a new region every two weeks, along with over 200 types of distilled spirits from all around the world. Among our cocktails, you'll find both timeless classics and our special \u201cSignature\u201d creations, which we first put to the test at international and local competitions.<\/li><li>Bistro Kitchen: a wide range of fresh, home-cooked dishes including homemade gnocchi, tagliatelle, freshly baked pub grub and succulent salads. Don't miss the homemade desserts either!<\/li><li>Neighbourly Siesta: We regularly come up with new seasonal offers so there's always something exciting to discover.<\/li><\/ul><p class=\"about-text aos-init aos-animate\" data-aos=\"fade-up\" data-aos-once=\"true\" data-aos-delay=\"500\"><strong>What makes us unique?<\/strong><\/p><ul><li>Expertise and passion: our colleagues regularly participate in cocktail and coffee competitions, constantly improving their skills to bring you the best.<\/li><li>Constant Renewal: for six years we've been working to renew ourselves both internally and externally, so that we can always offer you a fresh and exciting experience.<\/li><li>More Than A Bar: The Neighbourhood is a community place where you can make new friends and everyone feels at home.<\/li><\/ul><p class=\"about-text aos-init aos-animate\" data-aos=\"fade-up\" data-aos-once=\"true\" data-aos-delay=\"500\"><strong>Events and Catering<\/strong><br \/>Whether it's a wedding, corporate event or any special occasion, we have a high quality catering service for you. You can also meet us at various gastronomic events all over the country, where we will present either a specific segment (cocktails, coffees, bistro cuisine) or our entire repertoire to your Neighbour!<\/p><p class=\"about-text aos-init aos-animate\" data-aos=\"fade-up\" data-aos-once=\"true\" data-aos-delay=\"500\"><strong>We are waiting for you with Love!<\/strong><br \/>Visit us and experience the unique atmosphere of Neighbourhood, taste our special drinks and food, and be part of the constant renewal and community we create here together. Open every day, every day of the week, the Neighbour is waiting for you!<\/p>\t\t\t\t\t\t\t\t<\/div>\n\t\t\t\t<\/div>\n\t\t\t\t<\/div>\n\t\t<div class=\"elementor-element elementor-element-8f10fc8 e-con-full e-flex e-con e-child\" data-id=\"8f10fc8\" data-element_type=\"container\">\n\t\t\t\t<div class=\"elementor-element elementor-element-1f846f5 elementor-widget elementor-widget-image\" data-id=\"1f846f5\" data-element_type=\"widget\" data-settings=\"{&quot;sticky&quot;:&quot;top&quot;,&quot;sticky_on&quot;:[&quot;desktop&quot;,&quot;tablet&quot;],&quot;sticky_offset&quot;:160,&quot;sticky_parent&quot;:&quot;yes&quot;,&quot;sticky_effects_offset&quot;:0,&quot;sticky_anchor_link_offset&quot;:0}\" data-widget_type=\"image.default\">\n\t\t\t\t<div class=\"elementor-widget-container\">\n\t\t\t\t\t\t\t\t\t\t\t\t\t\t\t<img fetchpriority=\"high\" decoding=\"async\" width=\"800\" height=\"572\" src=\"https:\/\/szomszed.com\/wp-content\/uploads\/2024\/08\/welcome.45d4474d.webp\" class=\"attachment-large size-large wp-image-585\" alt=\"\" srcset=\"https:\/\/szomszed.com\/wp-content\/uploads\/2024\/08\/welcome.45d4474d.webp 941w, https:\/\/szomszed.com\/wp-content\/uploads\/2024\/08\/welcome.45d4474d-300x215.webp 300w, https:\/\/szomszed.com\/wp-content\/uploads\/2024\/08\/welcome.45d4474d-768x549.webp 768w, https:\/\/szomszed.com\/wp-content\/uploads\/2024\/08\/welcome.45d4474d-18x12.webp 18w\" sizes=\"(max-width: 800px) 100vw, 800px\" \/>\t\t\t\t\t\t\t\t\t\t\t\t\t\t\t<\/div>\n\t\t\t\t<\/div>\n\t\t\t\t<\/div>\n\t\t\t\t\t<\/div>\n\t\t\t\t<\/div>\n\t\t\t\t<\/div>","protected":false},"excerpt":{"rendered":"<p>R\u00f3lunk Kedves Szomsz\u00e9dok \u00e9s leend\u0151 Szomsz\u00e9ds\u00e1g!Fedezz\u00e9tek fel vel\u00fcnk a Szomsz\u00e9dot, Gy\u0151r belv\u00e1ros\u00e1nak egyik gy\u00f6ngyszem\u00e9t, ahol minden egyes r\u00e9szlet a sz\u00edv\u00fcnkb\u0151l \u00e9s szenved\u00e9ly\u00fcnkb\u0151l \u00e9p\u00fclt. Egy meghitt hely, ahol otthon \u00e9rezhetitek magatokat, ellazulhattok egy f\u00e1raszt\u00f3 nap ut\u00e1n. Engedj\u00e9tek el a gondjaitokat, \u00e9s hagyj\u00e1tok, hogy mi var\u00e1zsoljunk mosolyt az arcotokra. Mit K\u00edn\u00e1l a Szomsz\u00e9d? Egyedi Kokt\u00e9lok \u00e9s Specialty [&hellip;]<\/p>","protected":false},"author":1,"featured_media":0,"parent":0,"menu_order":0,"comment_status":"closed","ping_status":"closed","template":"elementor_header_footer","meta":{"footnotes":""},"class_list":["post-15","page","type-page","status-publish","hentry"],"_links":{"self":[{"href":"https:\/\/szomszed.com\/en\/wp-json\/wp\/v2\/pages\/15","targetHints":{"allow":["GET"]}}],"collection":[{"href":"https:\/\/szomszed.com\/en\/wp-json\/wp\/v2\/pages"}],"about":[{"href":"https:\/\/szomszed.com\/en\/wp-json\/wp\/v2\/types\/page"}],"author":[{"embeddable":true,"href":"https:\/\/szomszed.com\/en\/wp-json\/wp\/v2\/users\/1"}],"replies":[{"embeddable":true,"href":"https:\/\/szomszed.com\/en\/wp-json\/wp\/v2\/comments?post=15"}],"version-history":[{"count":9,"href":"https:\/\/szomszed.com\/en\/wp-json\/wp\/v2\/pages\/15\/revisions"}],"predecessor-version":[{"id":1294,"href":"https:\/\/szomszed.com\/en\/wp-json\/wp\/v2\/pages\/15\/revisions\/1294"}],"wp:attachment":[{"href":"https:\/\/szomszed.com\/en\/wp-json\/wp\/v2\/media?parent=15"}],"curies":[{"name":"wp","href":"https:\/\/api.w.org\/{rel}","templated":true}]}}