{"id":26,"date":"2024-08-09T14:36:54","date_gmt":"2024-08-09T12:36:54","guid":{"rendered":"https:\/\/szomszed.com\/?page_id=26"},"modified":"2025-09-01T13:47:46","modified_gmt":"2025-09-01T11:47:46","slug":"kapcsolat","status":"publish","type":"page","link":"https:\/\/szomszed.com\/de\/kapcsolat\/","title":{"rendered":"Kontakt"},"content":{"rendered":"<div data-elementor-type=\"wp-page\" data-elementor-id=\"26\" class=\"elementor elementor-26\" data-elementor-post-type=\"page\">\n\t\t\t\t<div class=\"elementor-element elementor-element-2362136 e-flex e-con-boxed e-con e-parent\" data-id=\"2362136\" data-element_type=\"container\" data-settings=\"{&quot;background_background&quot;:&quot;classic&quot;}\">\n\t\t\t\t\t<div class=\"e-con-inner\">\n\t\t<div class=\"elementor-element elementor-element-e868051 e-con-full e-flex e-con e-child\" data-id=\"e868051\" data-element_type=\"container\">\n\t\t\t\t<div class=\"elementor-element elementor-element-802fb09 elementor-widget elementor-widget-heading\" data-id=\"802fb09\" data-element_type=\"widget\" data-widget_type=\"heading.default\">\n\t\t\t\t<div class=\"elementor-widget-container\">\n\t\t\t\t\t<h1 class=\"elementor-heading-title elementor-size-default\">Kontakt<\/h1>\t\t\t\t<\/div>\n\t\t\t\t<\/div>\n\t\t\t\t<div class=\"elementor-element elementor-element-df08846 elementor-view-default elementor-widget elementor-widget-icon\" data-id=\"df08846\" data-element_type=\"widget\" data-widget_type=\"icon.default\">\n\t\t\t\t<div class=\"elementor-widget-container\">\n\t\t\t\t\t\t\t<div class=\"elementor-icon-wrapper\">\n\t\t\t<div class=\"elementor-icon\">\n\t\t\t<svg xmlns=\"http:\/\/www.w3.org\/2000\/svg\" width=\"40\" height=\"10\" viewbox=\"0 0 40 10\" fill=\"none\"><path d=\"M33.5014 9.5C37.0847 9.5 39.9998 7.48129 39.9998 4.99995C39.9998 2.51861 37.0847 0.5 33.5014 0.5C30.112 0.5 27.3219 2.30637 27.0298 4.6018H22.3527V3.6552L-0.000213623 3.6552V6.34446L22.3528 6.34446V5.39798H27.0299C27.3221 7.69352 30.112 9.5 33.5014 9.5ZM21.4896 5.54839L0.863079 5.54839V4.45161H21.4896V5.54839ZM27.866 4.99995C27.866 2.95778 30.3942 1.2964 33.5015 1.2964C36.6088 1.2964 39.137 2.95778 39.137 4.99995C39.137 7.04222 36.6088 8.7037 33.5015 8.7037C30.3942 8.7037 27.866 7.04222 27.866 4.99995Z\" fill=\"#DCCA87\"><\/path><\/svg>\t\t\t<\/div>\n\t\t<\/div>\n\t\t\t\t\t\t<\/div>\n\t\t\t\t<\/div>\n\t\t\t\t<div class=\"elementor-element elementor-element-66d9173 elementor-widget elementor-widget-heading\" data-id=\"66d9173\" data-element_type=\"widget\" data-widget_type=\"heading.default\">\n\t\t\t\t<div class=\"elementor-widget-container\">\n\t\t\t\t\t<p class=\"elementor-heading-title elementor-size-default\">Wo k\u00f6nnen Sie uns finden?\n<\/p>\t\t\t\t<\/div>\n\t\t\t\t<\/div>\n\t\t\t\t<div class=\"elementor-element elementor-element-9ab5c9e elementor-widget elementor-widget-text-editor\" data-id=\"9ab5c9e\" data-element_type=\"widget\" data-widget_type=\"text-editor.default\">\n\t\t\t\t<div class=\"elementor-widget-container\">\n\t\t\t\t\t\t\t\t\t<h3 class=\"p__cormorant\">Kisfaludy utca 26, Gy\u0151r 9021<\/h3>\t\t\t\t\t\t\t\t<\/div>\n\t\t\t\t<\/div>\n\t\t\t\t<div class=\"elementor-element elementor-element-0ac4f8e elementor-widget elementor-widget-text-editor\" data-id=\"0ac4f8e\" data-element_type=\"widget\" data-widget_type=\"text-editor.default\">\n\t\t\t\t<div class=\"elementor-widget-container\">\n\t\t\t\t\t\t\t\t\t<h3 class=\"p__cormorant\">Die \u00d6ffnungszeiten<\/h3>\t\t\t\t\t\t\t\t<\/div>\n\t\t\t\t<\/div>\n\t\t\t\t<div class=\"elementor-element elementor-element-d6dda97 elementor-widget elementor-widget-text-editor\" data-id=\"d6dda97\" data-element_type=\"widget\" data-widget_type=\"text-editor.default\">\n\t\t\t\t<div class=\"elementor-widget-container\">\n\t\t\t\t\t\t\t\t\t<h3 class=\"p__cormorant\">Bar<\/h3><p class=\"p__opensans\">Montag-Donnerstag: 12:00 - 00:00<br \/><span style=\"color: var( --e-global-color-text ); font-family: var( --e-global-typography-text-font-family ), Sans-serif; font-size: var( --e-global-typography-text-font-size ); font-weight: var( --e-global-typography-text-font-weight ); background-color: var( --e-global-color-secondary );\">Freitag-Samstag: 12:00 - 02:00<br \/><\/span><span style=\"color: var( --e-global-color-text ); font-family: var( --e-global-typography-text-font-family ), Sans-serif; font-size: var( --e-global-typography-text-font-size ); font-weight: var( --e-global-typography-text-font-weight ); background-color: var( --e-global-color-secondary );\">Sonntag: 12:00 - 00:00<\/span><\/p><h3 class=\"p__cormorant\">K\u00fcche<\/h3><p class=\"p__opensans\">H\u00e9tf\u0151-Cs\u00fct\u00f6r\u00f6k:\u00a012:00 &#8211; 23:00<br \/><span style=\"color: var( --e-global-color-text ); font-family: var( --e-global-typography-text-font-family ), Sans-serif; font-size: var( --e-global-typography-text-font-size ); font-weight: var( --e-global-typography-text-font-weight ); background-color: var( --e-global-color-secondary );\">P\u00e9ntek-Szombat: 12:00 &#8211; 00:00<br \/><\/span><span style=\"color: var( --e-global-color-text ); font-family: var( --e-global-typography-text-font-family ), Sans-serif; font-size: var( --e-global-typography-text-font-size ); font-weight: var( --e-global-typography-text-font-weight ); background-color: var( --e-global-color-secondary );\">Vas\u00e1rnap:\u00a012:00 &#8211; 23:00<\/span><\/p>\t\t\t\t\t\t\t\t<\/div>\n\t\t\t\t<\/div>\n\t\t\t\t<\/div>\n\t\t<div class=\"elementor-element elementor-element-1435c01 e-con-full e-flex e-con e-child\" data-id=\"1435c01\" data-element_type=\"container\">\n\t\t\t\t<div class=\"elementor-element elementor-element-2e3daa1 elementor-widget elementor-widget-google_maps\" data-id=\"2e3daa1\" data-element_type=\"widget\" data-widget_type=\"google_maps.default\">\n\t\t\t\t<div class=\"elementor-widget-container\">\n\t\t\t\t\t\t\t<div class=\"elementor-custom-embed\">\n\t\t\t<iframe loading=\"lazy\"\n\t\t\t\t\tsrc=\"https:\/\/maps.google.com\/maps?q=Gy%C5%91r%2C%20Kisfaludy%20u.%2026%2C%209021&#038;t=m&#038;z=16&#038;output=embed&#038;iwloc=near\"\n\t\t\t\t\ttitle=\"Gy\u0151r, Kisfaludy u. 26, 9021\"\n\t\t\t\t\taria-label=\"Gy\u0151r, Kisfaludy u. 26, 9021\"\n\t\t\t><\/iframe>\n\t\t<\/div>\n\t\t\t\t\t\t<\/div>\n\t\t\t\t<\/div>\n\t\t\t\t<\/div>\n\t\t\t\t\t<\/div>\n\t\t\t\t<\/div>\n\t\t<div class=\"elementor-element elementor-element-bf4ea64 e-flex e-con-boxed e-con e-parent\" data-id=\"bf4ea64\" data-element_type=\"container\" data-settings=\"{&quot;background_background&quot;:&quot;classic&quot;}\">\n\t\t\t\t\t<div class=\"e-con-inner\">\n\t\t\t\t<div class=\"elementor-element elementor-element-7205b95 elementor-widget elementor-widget-heading\" data-id=\"7205b95\" data-element_type=\"widget\" data-widget_type=\"heading.default\">\n\t\t\t\t<div class=\"elementor-widget-container\">\n\t\t\t\t\t<h2 class=\"elementor-heading-title elementor-size-default\">Liebe Szomsz\u00e9dok!\n\n<\/h2>\t\t\t\t<\/div>\n\t\t\t\t<\/div>\n\t\t\t\t<div class=\"elementor-element elementor-element-1ab8241 elementor-widget elementor-widget-text-editor\" data-id=\"1ab8241\" data-element_type=\"widget\" data-widget_type=\"text-editor.default\">\n\t\t\t\t<div class=\"elementor-widget-container\">\n\t\t\t\t\t\t\t\t\t<p>Szomsz\u00e9d Cocktailbar und Caf\u00e9 begr\u00fc\u00dft euch t\u00e4glich, damit wir gemeinsam reichere Erfahrungen sammeln k\u00f6nnen!<\/p><p><b>Reservierungen sind in der Szomsz\u00e9d nicht m\u00f6glich!<\/b>\u00a0Falls m\u00f6glich, helfen wir gerne durch Umstellen der Tische, um einen Platz zu finden. Au\u00dferdem ist unser neu renovierter G\u00e4stebereich, Guatap\u00e9, jedes Wochenende ge\u00f6ffnet, wo wir euch herzlich willkommen hei\u00dfen! Sollten wir keinen Tisch zur Verf\u00fcgung stellen k\u00f6nnen, habt ihr die M\u00f6glichkeit, an der Bar ein Getr\u00e4nk zu genie\u00dfen, und unsere Mitarbeiter werden euch sofort informieren, sobald ein Tisch frei wird.<\/p>\t\t\t\t\t\t\t\t<\/div>\n\t\t\t\t<\/div>\n\t\t\t\t\t<\/div>\n\t\t\t\t<\/div>\n\t\t<div class=\"elementor-element elementor-element-452f900 e-flex e-con-boxed e-con e-parent\" data-id=\"452f900\" data-element_type=\"container\" data-settings=\"{&quot;background_background&quot;:&quot;classic&quot;}\">\n\t\t\t\t\t<div class=\"e-con-inner\">\n\t\t<div class=\"elementor-element elementor-element-c348d6c e-con-full e-flex e-con e-child\" data-id=\"c348d6c\" data-element_type=\"container\">\n\t\t\t\t<div class=\"elementor-element elementor-element-a87cdf9 elementor-widget elementor-widget-heading\" data-id=\"a87cdf9\" data-element_type=\"widget\" data-widget_type=\"heading.default\">\n\t\t\t\t<div class=\"elementor-widget-container\">\n\t\t\t\t\t<h2 class=\"elementor-heading-title elementor-size-default\">Kontakt<\/h2>\t\t\t\t<\/div>\n\t\t\t\t<\/div>\n\t\t\t\t<div class=\"elementor-element elementor-element-6a45ad8 elementor-view-default elementor-widget elementor-widget-icon\" data-id=\"6a45ad8\" data-element_type=\"widget\" data-widget_type=\"icon.default\">\n\t\t\t\t<div class=\"elementor-widget-container\">\n\t\t\t\t\t\t\t<div class=\"elementor-icon-wrapper\">\n\t\t\t<div class=\"elementor-icon\">\n\t\t\t<svg xmlns=\"http:\/\/www.w3.org\/2000\/svg\" width=\"40\" height=\"10\" viewbox=\"0 0 40 10\" fill=\"none\"><path d=\"M33.5014 9.5C37.0847 9.5 39.9998 7.48129 39.9998 4.99995C39.9998 2.51861 37.0847 0.5 33.5014 0.5C30.112 0.5 27.3219 2.30637 27.0298 4.6018H22.3527V3.6552L-0.000213623 3.6552V6.34446L22.3528 6.34446V5.39798H27.0299C27.3221 7.69352 30.112 9.5 33.5014 9.5ZM21.4896 5.54839L0.863079 5.54839V4.45161H21.4896V5.54839ZM27.866 4.99995C27.866 2.95778 30.3942 1.2964 33.5015 1.2964C36.6088 1.2964 39.137 2.95778 39.137 4.99995C39.137 7.04222 36.6088 8.7037 33.5015 8.7037C30.3942 8.7037 27.866 7.04222 27.866 4.99995Z\" fill=\"#DCCA87\"><\/path><\/svg>\t\t\t<\/div>\n\t\t<\/div>\n\t\t\t\t\t\t<\/div>\n\t\t\t\t<\/div>\n\t\t\t\t<div class=\"elementor-element elementor-element-166b2aa elementor-widget elementor-widget-heading\" data-id=\"166b2aa\" data-element_type=\"widget\" data-widget_type=\"heading.default\">\n\t\t\t\t<div class=\"elementor-widget-container\">\n\t\t\t\t\t<p class=\"elementor-heading-title elementor-size-default\">Wo k\u00f6nnen Sie uns finden?\n<\/p>\t\t\t\t<\/div>\n\t\t\t\t<\/div>\n\t\t\t\t<div class=\"elementor-element elementor-element-32d4a17 elementor-button-align-center elementor-widget elementor-widget-form\" data-id=\"32d4a17\" data-element_type=\"widget\" data-settings=\"{&quot;step_next_label&quot;:&quot;K\\u00f6vetkez\\u0151&quot;,&quot;step_previous_label&quot;:&quot;El\\u0151z\\u0151&quot;,&quot;button_width&quot;:&quot;100&quot;,&quot;step_type&quot;:&quot;number_text&quot;,&quot;step_icon_shape&quot;:&quot;circle&quot;}\" data-widget_type=\"form.default\">\n\t\t\t\t<div class=\"elementor-widget-container\">\n\t\t\t\t\t\t\t<form class=\"elementor-form\" method=\"post\" name=\"Kapcsolat\" aria-label=\"Kontakt\" action=\"\">\n\t\t\t<input type=\"hidden\" name=\"post_id\" value=\"26\"\/>\n\t\t\t<input type=\"hidden\" name=\"form_id\" value=\"32d4a17\"\/>\n\t\t\t<input type=\"hidden\" name=\"referer_title\" value=\"Kapcsolat\" \/>\n\n\t\t\t\t\t\t\t<input type=\"hidden\" name=\"queried_id\" value=\"26\"\/>\n\t\t\t\n\t\t\t<div class=\"elementor-form-fields-wrapper elementor-labels-\">\n\t\t\t\t\t\t\t\t<div class=\"elementor-field-type-text elementor-field-group elementor-column elementor-field-group-name elementor-col-100 elementor-field-required\">\n\t\t\t\t\t\t\t\t\t\t\t\t<label for=\"form-field-name\" class=\"elementor-field-label elementor-screen-only\">\n\t\t\t\t\t\t\t\tName\t\t\t\t\t\t\t<\/label>\n\t\t\t\t\t\t\t\t\t\t\t\t\t\t<input size=\"1\" type=\"text\" name=\"form_fields[name]\" id=\"form-field-name\" class=\"elementor-field elementor-size-sm  elementor-field-textual\" placeholder=\"Name\" required=\"required\">\n\t\t\t\t\t\t\t\t\t\t\t<\/div>\n\t\t\t\t\t\t\t\t<div class=\"elementor-field-type-email elementor-field-group elementor-column elementor-field-group-email elementor-col-100 elementor-field-required\">\n\t\t\t\t\t\t\t\t\t\t\t\t<label for=\"form-field-email\" class=\"elementor-field-label elementor-screen-only\">\n\t\t\t\t\t\t\t\tE-Mail\t\t\t\t\t\t\t<\/label>\n\t\t\t\t\t\t\t\t\t\t\t\t\t\t<input size=\"1\" type=\"email\" name=\"form_fields[email]\" id=\"form-field-email\" class=\"elementor-field elementor-size-sm  elementor-field-textual\" placeholder=\"E-Mail\" required=\"required\">\n\t\t\t\t\t\t\t\t\t\t\t<\/div>\n\t\t\t\t\t\t\t\t<div class=\"elementor-field-type-tel elementor-field-group elementor-column elementor-field-group-field_2b0ab8a elementor-col-100\">\n\t\t\t\t\t\t\t\t\t\t\t\t<label for=\"form-field-field_2b0ab8a\" class=\"elementor-field-label elementor-screen-only\">\n\t\t\t\t\t\t\t\tRufnummer\t\t\t\t\t\t\t<\/label>\n\t\t\t\t\t\t\t\t<input size=\"1\" type=\"tel\" name=\"form_fields[field_2b0ab8a]\" id=\"form-field-field_2b0ab8a\" class=\"elementor-field elementor-size-sm  elementor-field-textual\" placeholder=\"Rufnummer\" pattern=\"[0-9()#&amp;+*-=.]+\" title=\"Only numbers and phone characters (#, -, *, etc) are accepted.\" data-no-translation-title=\"\">\n\n\t\t\t\t\t\t<\/div>\n\t\t\t\t\t\t\t\t<div class=\"elementor-field-type-textarea elementor-field-group elementor-column elementor-field-group-message elementor-col-100\">\n\t\t\t\t\t\t\t\t\t\t\t\t<label for=\"form-field-message\" class=\"elementor-field-label elementor-screen-only\">\n\t\t\t\t\t\t\t\tNachricht an\t\t\t\t\t\t\t<\/label>\n\t\t\t\t\t\t<textarea class=\"elementor-field-textual elementor-field  elementor-size-sm\" name=\"form_fields[message]\" id=\"form-field-message\" rows=\"4\" placeholder=\"Nachricht an\"><\/textarea>\t\t\t\t<\/div>\n\t\t\t\t\t\t\t\t<div class=\"elementor-field-group elementor-column elementor-field-type-submit elementor-col-100 e-form__buttons\">\n\t\t\t\t\t<button class=\"elementor-button elementor-size-sm\" type=\"submit\">\n\t\t\t\t\t\t<span class=\"elementor-button-content-wrapper\">\n\t\t\t\t\t\t\t\t\t\t\t\t\t\t\t\t\t\t\t\t\t\t<span class=\"elementor-button-text\">Senden an<\/span>\n\t\t\t\t\t\t\t\t\t\t\t\t\t<\/span>\n\t\t\t\t\t<\/button>\n\t\t\t\t<\/div>\n\t\t\t<\/div>\n\t\t<input type=\"hidden\" name=\"trp-form-language\" value=\"de\"\/><\/form>\n\t\t\t\t\t\t<\/div>\n\t\t\t\t<\/div>\n\t\t\t\t<\/div>\n\t\t\t\t\t<\/div>\n\t\t\t\t<\/div>\n\t\t\t\t<\/div>","protected":false},"excerpt":{"rendered":"<p>Kapcsolat Hol Tal\u00e1lsz Minket? Kisfaludy utca 26. Gy\u0151r 9021 Nyitvatart\u00e1s B\u00e1r H\u00e9tf\u0151-Cs\u00fct\u00f6r\u00f6k:\u00a012:00 &#8211; 00:00P\u00e9ntek-Szombat:\u00a012:00 &#8211; 02:00Vas\u00e1rnap:\u00a012:00 &#8211; 00:00 Konyha H\u00e9tf\u0151-Cs\u00fct\u00f6r\u00f6k:\u00a012:00 &#8211; 23:00P\u00e9ntek-Szombat: 12:00 &#8211; 00:00Vas\u00e1rnap:\u00a012:00 &#8211; 23:00 Kedves Szomsz\u00e9dok! A szomsz\u00e9d kokt\u00e9lb\u00e1r \u00e9s k\u00e1v\u00e9z\u00f3 minden nap v\u00e1r Benneteket, hogy egy k\u00f6z\u00f6s \u00e9lm\u00e9nnyel legy\u00fcnk gazdagabbak! A Szomsz\u00e9dban nincs lehet\u0151s\u00e9g asztalfoglal\u00e1sra!\u00a0Viszont amennyiben van lehet\u0151s\u00e9g\u00fcnk seg\u00edt\u00fcnk egy esetleges [&hellip;]<\/p>","protected":false},"author":1,"featured_media":0,"parent":0,"menu_order":0,"comment_status":"closed","ping_status":"closed","template":"elementor_header_footer","meta":{"footnotes":""},"class_list":["post-26","page","type-page","status-publish","hentry"],"_links":{"self":[{"href":"https:\/\/szomszed.com\/de\/wp-json\/wp\/v2\/pages\/26","targetHints":{"allow":["GET"]}}],"collection":[{"href":"https:\/\/szomszed.com\/de\/wp-json\/wp\/v2\/pages"}],"about":[{"href":"https:\/\/szomszed.com\/de\/wp-json\/wp\/v2\/types\/page"}],"author":[{"embeddable":true,"href":"https:\/\/szomszed.com\/de\/wp-json\/wp\/v2\/users\/1"}],"replies":[{"embeddable":true,"href":"https:\/\/szomszed.com\/de\/wp-json\/wp\/v2\/comments?post=26"}],"version-history":[{"count":6,"href":"https:\/\/szomszed.com\/de\/wp-json\/wp\/v2\/pages\/26\/revisions"}],"predecessor-version":[{"id":1326,"href":"https:\/\/szomszed.com\/de\/wp-json\/wp\/v2\/pages\/26\/revisions\/1326"}],"wp:attachment":[{"href":"https:\/\/szomszed.com\/de\/wp-json\/wp\/v2\/media?parent=26"}],"curies":[{"name":"wp","href":"https:\/\/api.w.org\/{rel}","templated":true}]}}