{"id":15,"date":"2024-08-09T14:35:45","date_gmt":"2024-08-09T12:35:45","guid":{"rendered":"https:\/\/szomszed.com\/?page_id=15"},"modified":"2025-05-05T20:35:19","modified_gmt":"2025-05-05T18:35:19","slug":"rolunk","status":"publish","type":"page","link":"https:\/\/szomszed.com\/de\/rolunk\/","title":{"rendered":"\u00dcber uns"},"content":{"rendered":"<div data-elementor-type=\"wp-page\" data-elementor-id=\"15\" class=\"elementor elementor-15\" data-elementor-post-type=\"page\">\n\t\t\t\t<div class=\"elementor-element elementor-element-0425c31 e-flex e-con-boxed e-con e-parent\" data-id=\"0425c31\" data-element_type=\"container\" data-settings=\"{&quot;background_background&quot;:&quot;classic&quot;}\">\n\t\t\t\t\t<div class=\"e-con-inner\">\n\t\t<div class=\"elementor-element elementor-element-3942079 e-con-full e-flex e-con e-child\" data-id=\"3942079\" data-element_type=\"container\">\n\t\t\t\t<div class=\"elementor-element elementor-element-17093b3 elementor-widget elementor-widget-heading\" data-id=\"17093b3\" data-element_type=\"widget\" data-widget_type=\"heading.default\">\n\t\t\t\t<div class=\"elementor-widget-container\">\n\t\t\t\t\t<h1 class=\"elementor-heading-title elementor-size-default\">\u00dcber uns<\/h1>\t\t\t\t<\/div>\n\t\t\t\t<\/div>\n\t\t\t\t<div class=\"elementor-element elementor-element-8caf08d elementor-widget elementor-widget-text-editor\" data-id=\"8caf08d\" data-element_type=\"widget\" data-widget_type=\"text-editor.default\">\n\t\t\t\t<div class=\"elementor-widget-container\">\n\t\t\t\t\t\t\t\t\t<p class=\"about-text aos-init aos-animate\" data-aos=\"fade-up\" data-aos-once=\"true\" data-aos-delay=\"500\"><strong>Liebe Nachbarn und zuk\u00fcnftige Nachbarn! Alias Szomsz\u00e9dok!<\/strong><br \/>Entdecken Sie mit uns Szomsz\u00e9d, eines der Schmuckst\u00fccke der Innenstadt von Gy\u0151r, wo jedes Detail mit unserem Herzen und unserer Leidenschaft gebaut wird. Ein gem\u00fctlicher Ort, an dem Sie sich wie zu Hause f\u00fchlen und nach einem anstrengenden Tag entspannen k\u00f6nnen. Lassen Sie Ihre Sorgen los und lassen Sie uns ein L\u00e4cheln auf Ihr Gesicht zaubern.<\/p><p class=\"about-text aos-init aos-animate\" data-aos=\"fade-up\" data-aos-once=\"true\" data-aos-delay=\"500\"><strong>Was bietet der Szomsz\u00e9d?<\/strong><\/p><ul><li>Einzigartige Cocktails und Spezialit\u00e4tenkaffee: Wir sind stolz darauf, unsere eigene Marke (Red Lab Coffee) f\u00fcr Spezialit\u00e4tenkaffee anzubieten, dessen hell ger\u00f6stete Variante dich alle zwei Wochen in eine neue Region entf\u00fchrt, zusammen mit \u00fcber 200 verschiedenen Spirituosen aus aller Welt. Unter unseren Cocktails findest du sowohl klassische Drinks als auch unsere besonderen \u201eSignature\u201c-Kreationen, die wir zuerst auf internationalen und nationalen Wettbewerben erproben.<\/li><li>Bistro Kitchen: eine gro\u00dfe Auswahl an frischen, hausgemachten Gerichten, darunter hausgemachte Gnocchi, Tagliatelle, frisch gebackene Kneipengerichte und saftige Salate. Auch die hausgemachten Desserts sollten Sie sich nicht entgehen lassen!<\/li><li>Neighbourly Siesta: Wir lassen uns regelm\u00e4\u00dfig neue saisonale Angebote einfallen, so dass es immer etwas Spannendes zu entdecken gibt.<\/li><\/ul><p class=\"about-text aos-init aos-animate\" data-aos=\"fade-up\" data-aos-once=\"true\" data-aos-delay=\"500\"><strong>Was macht uns einzigartig?<\/strong><\/p><ul><li>Kompetenz und Leidenschaft: Unsere Mitarbeiter nehmen regelm\u00e4\u00dfig an Cocktail- und Kaffeewettbewerben teil und verbessern st\u00e4ndig ihre F\u00e4higkeiten, um Ihnen das Beste zu bieten.<\/li><li>St\u00e4ndige Erneuerung: Seit sechs Jahren arbeiten wir daran, uns sowohl intern als auch extern zu erneuern, damit wir Ihnen stets ein frisches und spannendes Erlebnis bieten k\u00f6nnen.<\/li><li>Mehr als nur eine Bar: The Neighbourhood ist ein Ort der Gemeinschaft, an dem man neue Freunde finden kann und sich jeder wie zu Hause f\u00fchlt.<\/li><\/ul><p class=\"about-text aos-init aos-animate\" data-aos=\"fade-up\" data-aos-once=\"true\" data-aos-delay=\"500\"><strong>Veranstaltungen und Catering<\/strong><br \/>Ob es sich um eine Hochzeit, ein Firmenevent oder einen anderen besonderen Anlass handelt, wir bieten Ihnen einen hochwertigen Catering-Service. Sie k\u00f6nnen uns auch auf verschiedenen gastronomischen Veranstaltungen im ganzen Land treffen, wo wir entweder ein bestimmtes Segment (Cocktails, Kaffees, Bistro-K\u00fcche) oder unser gesamtes Repertoire Ihrer Nachbarschaft pr\u00e4sentieren werden!<\/p><p class=\"about-text aos-init aos-animate\" data-aos=\"fade-up\" data-aos-once=\"true\" data-aos-delay=\"500\"><strong>Wir warten mit Liebe auf Sie!<\/strong><br \/>Besuchen Sie uns und erleben Sie die einzigartige Atmosph\u00e4re des Neighbourhood, probieren Sie unsere besonderen Getr\u00e4nke und Speisen, und seien Sie Teil der st\u00e4ndigen Erneuerung und der Gemeinschaft, die wir hier gemeinsam schaffen. Das Neighbour ist jeden Tag der Woche ge\u00f6ffnet und wartet auf Sie!<\/p>\t\t\t\t\t\t\t\t<\/div>\n\t\t\t\t<\/div>\n\t\t\t\t<\/div>\n\t\t<div class=\"elementor-element elementor-element-8f10fc8 e-con-full e-flex e-con e-child\" data-id=\"8f10fc8\" data-element_type=\"container\">\n\t\t\t\t<div class=\"elementor-element elementor-element-1f846f5 elementor-widget elementor-widget-image\" data-id=\"1f846f5\" data-element_type=\"widget\" data-settings=\"{&quot;sticky&quot;:&quot;top&quot;,&quot;sticky_on&quot;:[&quot;desktop&quot;,&quot;tablet&quot;],&quot;sticky_offset&quot;:160,&quot;sticky_parent&quot;:&quot;yes&quot;,&quot;sticky_effects_offset&quot;:0,&quot;sticky_anchor_link_offset&quot;:0}\" data-widget_type=\"image.default\">\n\t\t\t\t<div class=\"elementor-widget-container\">\n\t\t\t\t\t\t\t\t\t\t\t\t\t\t\t<img fetchpriority=\"high\" decoding=\"async\" width=\"800\" height=\"572\" src=\"https:\/\/szomszed.com\/wp-content\/uploads\/2024\/08\/welcome.45d4474d.webp\" class=\"attachment-large size-large wp-image-585\" alt=\"\" srcset=\"https:\/\/szomszed.com\/wp-content\/uploads\/2024\/08\/welcome.45d4474d.webp 941w, https:\/\/szomszed.com\/wp-content\/uploads\/2024\/08\/welcome.45d4474d-300x215.webp 300w, https:\/\/szomszed.com\/wp-content\/uploads\/2024\/08\/welcome.45d4474d-768x549.webp 768w, https:\/\/szomszed.com\/wp-content\/uploads\/2024\/08\/welcome.45d4474d-18x12.webp 18w\" sizes=\"(max-width: 800px) 100vw, 800px\" \/>\t\t\t\t\t\t\t\t\t\t\t\t\t\t\t<\/div>\n\t\t\t\t<\/div>\n\t\t\t\t<\/div>\n\t\t\t\t\t<\/div>\n\t\t\t\t<\/div>\n\t\t\t\t<\/div>","protected":false},"excerpt":{"rendered":"<p>R\u00f3lunk Kedves Szomsz\u00e9dok \u00e9s leend\u0151 Szomsz\u00e9ds\u00e1g!Fedezz\u00e9tek fel vel\u00fcnk a Szomsz\u00e9dot, Gy\u0151r belv\u00e1ros\u00e1nak egyik gy\u00f6ngyszem\u00e9t, ahol minden egyes r\u00e9szlet a sz\u00edv\u00fcnkb\u0151l \u00e9s szenved\u00e9ly\u00fcnkb\u0151l \u00e9p\u00fclt. Egy meghitt hely, ahol otthon \u00e9rezhetitek magatokat, ellazulhattok egy f\u00e1raszt\u00f3 nap ut\u00e1n. Engedj\u00e9tek el a gondjaitokat, \u00e9s hagyj\u00e1tok, hogy mi var\u00e1zsoljunk mosolyt az arcotokra. Mit K\u00edn\u00e1l a Szomsz\u00e9d? Egyedi Kokt\u00e9lok \u00e9s Specialty [&hellip;]<\/p>","protected":false},"author":1,"featured_media":0,"parent":0,"menu_order":0,"comment_status":"closed","ping_status":"closed","template":"elementor_header_footer","meta":{"footnotes":""},"class_list":["post-15","page","type-page","status-publish","hentry"],"_links":{"self":[{"href":"https:\/\/szomszed.com\/de\/wp-json\/wp\/v2\/pages\/15","targetHints":{"allow":["GET"]}}],"collection":[{"href":"https:\/\/szomszed.com\/de\/wp-json\/wp\/v2\/pages"}],"about":[{"href":"https:\/\/szomszed.com\/de\/wp-json\/wp\/v2\/types\/page"}],"author":[{"embeddable":true,"href":"https:\/\/szomszed.com\/de\/wp-json\/wp\/v2\/users\/1"}],"replies":[{"embeddable":true,"href":"https:\/\/szomszed.com\/de\/wp-json\/wp\/v2\/comments?post=15"}],"version-history":[{"count":9,"href":"https:\/\/szomszed.com\/de\/wp-json\/wp\/v2\/pages\/15\/revisions"}],"predecessor-version":[{"id":1294,"href":"https:\/\/szomszed.com\/de\/wp-json\/wp\/v2\/pages\/15\/revisions\/1294"}],"wp:attachment":[{"href":"https:\/\/szomszed.com\/de\/wp-json\/wp\/v2\/media?parent=15"}],"curies":[{"name":"wp","href":"https:\/\/api.w.org\/{rel}","templated":true}]}}