{"id":13,"date":"2024-08-09T14:35:37","date_gmt":"2024-08-09T12:35:37","guid":{"rendered":"https:\/\/szomszed.com\/?page_id=13"},"modified":"2026-03-31T17:36:31","modified_gmt":"2026-03-31T15:36:31","slug":"kezdolap","status":"publish","type":"page","link":"https:\/\/szomszed.com\/de\/","title":{"rendered":"Hauptseite"},"content":{"rendered":"<div data-elementor-type=\"wp-page\" data-elementor-id=\"13\" class=\"elementor elementor-13\" data-elementor-post-type=\"page\">\n\t\t\t\t<div class=\"elementor-element elementor-element-8fd7925 e-con-full e-flex e-con e-parent\" data-id=\"8fd7925\" data-element_type=\"container\" data-settings=\"{&quot;background_background&quot;:&quot;classic&quot;}\">\n\t\t\t\t<div class=\"elementor-element elementor-element-2510fc1 elementor--h-position-center elementor--v-position-middle elementor-pagination-position-inside elementor-widget elementor-widget-slides\" data-id=\"2510fc1\" data-element_type=\"widget\" data-settings=\"{&quot;navigation&quot;:&quot;dots&quot;,&quot;transition&quot;:&quot;fade&quot;,&quot;transition_speed&quot;:800,&quot;autoplay_speed&quot;:5001,&quot;autoplay&quot;:&quot;yes&quot;,&quot;infinite&quot;:&quot;yes&quot;}\" data-widget_type=\"slides.default\">\n\t\t\t\t<div class=\"elementor-widget-container\">\n\t\t\t\t\t\t\t\t\t<div class=\"elementor-swiper\">\n\t\t\t\t\t<div class=\"elementor-slides-wrapper elementor-main-swiper swiper\" role=\"region\" aria-roledescription=\"carousel\" aria-label=\"Di\u00e1k\" dir=\"ltr\" data-animation=\"zoomIn\">\n\t\t\t\t<div class=\"swiper-wrapper elementor-slides\">\n\t\t\t\t\t\t\t\t\t\t<div class=\"elementor-repeater-item-554833e swiper-slide\" role=\"group\" aria-roledescription=\"slide\"><div class=\"swiper-slide-bg\" role=\"img\" aria-label=\"kaveIntroDesktop.55eb52ae\"><\/div><div class=\"swiper-slide-inner\" ><div class=\"swiper-slide-contents\"><h2 class=\"elementor-slide-heading\">Kaffee ist unsere gemeinsame Leidenschaft!<\/h2><p class=\"elementor-slide-description\">Wir m\u00f6chten Ihnen den bestm\u00f6glichen Kaffee zubereiten, mit unserem eigenen ger\u00f6steten Red Lab Kaffee, einem 100% Arabica Spezialit\u00e4tenkaffee! Ob dunkle oder helle R\u00f6stung, koffeinfrei, Cold Brew oder ein alkoholisches oder alkoholfreies Getr\u00e4nk mit Kaffee!<\/p><\/div><\/div><\/div><div class=\"elementor-repeater-item-adb0ac8 swiper-slide\" role=\"group\" aria-roledescription=\"slide\"><div class=\"swiper-slide-bg\" role=\"img\" aria-label=\"kajaIntroDesktop.5dd847a2\"><\/div><div class=\"swiper-slide-inner\" ><div class=\"swiper-slide-contents\"><h2 class=\"elementor-slide-heading\">Kommen Sie und probieren Sie es!<\/h2><p class=\"elementor-slide-description\">H\u00e1zi pubos frissen s\u00fcltekkel, helyben k\u00e9sz\u00fclt m\u00e1rtogat\u00f3sokkal, nagyi receptje alapj\u00e1n k\u00e9sz\u00fclt alm\u00e1spit\u00e9vel \u00e9s sok m\u00e1s finoms\u00e1ggal v\u00e1r a Szomsz\u00e9d Bisztr\u00f3 Konyh\u00e1ja, minden nap, hogy valami izgalmasat k\u00f3stolj!<\/p><\/div><\/div><\/div><div class=\"elementor-repeater-item-29971f7 swiper-slide\" role=\"group\" aria-roledescription=\"slide\"><div class=\"swiper-slide-bg\" role=\"img\" aria-label=\"dodo.eb3c6d9d\"><\/div><div class=\"swiper-slide-inner\" ><div class=\"swiper-slide-contents\"><h2 class=\"elementor-slide-heading\">Weil Sie es wissen, <br>Es ist gut, zusammen zu sein!<\/h2><p class=\"elementor-slide-description\">Ein Ort in der Innenstadt von Gy\u0151r, von Herzen gebaut! Wir m\u00f6chten, dass Sie Ihre Zeit bei uns immer entspannt verbringen. Wir werden unser Bestes tun, um\num sicherzustellen, dass uns nichts entgeht.<\/p><\/div><\/div><\/div><div class=\"elementor-repeater-item-4d0d7bc swiper-slide\" role=\"group\" aria-roledescription=\"slide\"><div class=\"swiper-slide-bg\" role=\"img\" aria-label=\"felesek.c0bb9dab\"><\/div><div class=\"swiper-slide-inner\" ><div class=\"swiper-slide-contents\"><h2 class=\"elementor-slide-heading\">Wir bieten Ihnen ein Erlebnis in Form eines Getr\u00e4nks!<\/h2><p class=\"elementor-slide-description\">In den letzten zehn Jahren hat uns die Cocktailherstellung den gr\u00f6\u00dften Erfolg beschert\nund wir weigern uns, diesen Schwung aufzugeben! Sie k\u00f6nnen sich weiterhin auf unsere einzigartigen und geschmackvollen Kreationen verlassen! Wenn Sie mit etwas nicht vertraut sind, z\u00f6gern Sie nicht zu fragen! Wir werden Ihnen nach bestem Wissen und Gewissen antworten!<\/p><\/div><\/div><\/div>\t\t\t\t<\/div>\n\t\t\t\t\t\t\t\t\t\t\t\t\t\t\t\t\t\t\t\t<div class=\"swiper-pagination\"><\/div>\n\t\t\t\t\t\t\t\t\t\t\t\t<\/div>\n\t\t\t\t<\/div>\n\t\t\t\t\t\t\t\t<\/div>\n\t\t\t\t<\/div>\n\t\t\t\t<\/div>\n\t\t<div class=\"elementor-element elementor-element-796eed7 e-flex e-con-boxed e-con e-parent\" data-id=\"796eed7\" data-element_type=\"container\" data-settings=\"{&quot;background_background&quot;:&quot;classic&quot;}\">\n\t\t\t\t\t<div class=\"e-con-inner\">\n\t\t\t\t<div class=\"elementor-element elementor-element-d747fe7 elementor-widget__width-inherit elementor-invisible elementor-widget elementor-widget-heading\" data-id=\"d747fe7\" data-element_type=\"widget\" data-settings=\"{&quot;_animation&quot;:&quot;fadeInDown&quot;}\" data-widget_type=\"heading.default\">\n\t\t\t\t<div class=\"elementor-widget-container\">\n\t\t\t\t\t<h2 class=\"elementor-heading-title elementor-size-default\">Szomsz\u00e9d Szieszta - Tavasz 2026<\/h2>\t\t\t\t<\/div>\n\t\t\t\t<\/div>\n\t\t\t\t\t<\/div>\n\t\t\t\t<\/div>\n\t\t<div class=\"elementor-element elementor-element-4d9e974 e-flex e-con-boxed e-con e-parent\" data-id=\"4d9e974\" data-element_type=\"container\" data-settings=\"{&quot;background_background&quot;:&quot;classic&quot;}\">\n\t\t\t\t\t<div class=\"e-con-inner\">\n\t\t\t\t<div class=\"elementor-element elementor-element-79b5994 elementor-widget elementor-widget-image\" data-id=\"79b5994\" data-element_type=\"widget\" data-widget_type=\"image.default\">\n\t\t\t\t<div class=\"elementor-widget-container\">\n\t\t\t\t\t\t\t\t\t\t\t\t\t\t\t<img fetchpriority=\"high\" decoding=\"async\" width=\"1802\" height=\"2560\" src=\"https:\/\/szomszed.com\/wp-content\/uploads\/2026\/03\/Szieszta_2026_Koktel-scaled.png\" class=\"attachment-full size-full wp-image-1443\" alt=\"\" srcset=\"https:\/\/szomszed.com\/wp-content\/uploads\/2026\/03\/Szieszta_2026_Koktel-scaled.png 1802w, https:\/\/szomszed.com\/wp-content\/uploads\/2026\/03\/Szieszta_2026_Koktel-211x300.png 211w, https:\/\/szomszed.com\/wp-content\/uploads\/2026\/03\/Szieszta_2026_Koktel-721x1024.png 721w, https:\/\/szomszed.com\/wp-content\/uploads\/2026\/03\/Szieszta_2026_Koktel-768x1091.png 768w, https:\/\/szomszed.com\/wp-content\/uploads\/2026\/03\/Szieszta_2026_Koktel-1081x1536.png 1081w, https:\/\/szomszed.com\/wp-content\/uploads\/2026\/03\/Szieszta_2026_Koktel-1442x2048.png 1442w, https:\/\/szomszed.com\/wp-content\/uploads\/2026\/03\/Szieszta_2026_Koktel-8x12.png 8w\" sizes=\"(max-width: 1802px) 100vw, 1802px\" \/>\t\t\t\t\t\t\t\t\t\t\t\t\t\t\t<\/div>\n\t\t\t\t<\/div>\n\t\t\t\t<div class=\"elementor-element elementor-element-95ed063 elementor-widget elementor-widget-image\" data-id=\"95ed063\" data-element_type=\"widget\" data-widget_type=\"image.default\">\n\t\t\t\t<div class=\"elementor-widget-container\">\n\t\t\t\t\t\t\t\t\t\t\t\t\t\t\t<img decoding=\"async\" width=\"1802\" height=\"2560\" src=\"https:\/\/szomszed.com\/wp-content\/uploads\/2026\/03\/Szieszta_2026_Tortilla-scaled.png\" class=\"attachment-full size-full wp-image-1445\" alt=\"\" srcset=\"https:\/\/szomszed.com\/wp-content\/uploads\/2026\/03\/Szieszta_2026_Tortilla-scaled.png 1802w, https:\/\/szomszed.com\/wp-content\/uploads\/2026\/03\/Szieszta_2026_Tortilla-211x300.png 211w, https:\/\/szomszed.com\/wp-content\/uploads\/2026\/03\/Szieszta_2026_Tortilla-721x1024.png 721w, https:\/\/szomszed.com\/wp-content\/uploads\/2026\/03\/Szieszta_2026_Tortilla-768x1091.png 768w, https:\/\/szomszed.com\/wp-content\/uploads\/2026\/03\/Szieszta_2026_Tortilla-1081x1536.png 1081w, https:\/\/szomszed.com\/wp-content\/uploads\/2026\/03\/Szieszta_2026_Tortilla-1442x2048.png 1442w, https:\/\/szomszed.com\/wp-content\/uploads\/2026\/03\/Szieszta_2026_Tortilla-8x12.png 8w\" sizes=\"(max-width: 1802px) 100vw, 1802px\" \/>\t\t\t\t\t\t\t\t\t\t\t\t\t\t\t<\/div>\n\t\t\t\t<\/div>\n\t\t\t\t<div class=\"elementor-element elementor-element-8e55590 elementor-widget elementor-widget-image\" data-id=\"8e55590\" data-element_type=\"widget\" data-widget_type=\"image.default\">\n\t\t\t\t<div class=\"elementor-widget-container\">\n\t\t\t\t\t\t\t\t\t\t\t\t\t\t\t<img decoding=\"async\" width=\"1803\" height=\"2560\" src=\"https:\/\/szomszed.com\/wp-content\/uploads\/2026\/03\/Szieszta_2026_Bor-scaled.png\" class=\"attachment-full size-full wp-image-1446\" alt=\"\" srcset=\"https:\/\/szomszed.com\/wp-content\/uploads\/2026\/03\/Szieszta_2026_Bor-scaled.png 1803w, https:\/\/szomszed.com\/wp-content\/uploads\/2026\/03\/Szieszta_2026_Bor-211x300.png 211w, https:\/\/szomszed.com\/wp-content\/uploads\/2026\/03\/Szieszta_2026_Bor-721x1024.png 721w, https:\/\/szomszed.com\/wp-content\/uploads\/2026\/03\/Szieszta_2026_Bor-768x1090.png 768w, https:\/\/szomszed.com\/wp-content\/uploads\/2026\/03\/Szieszta_2026_Bor-1082x1536.png 1082w, https:\/\/szomszed.com\/wp-content\/uploads\/2026\/03\/Szieszta_2026_Bor-1443x2048.png 1443w, https:\/\/szomszed.com\/wp-content\/uploads\/2026\/03\/Szieszta_2026_Bor-8x12.png 8w\" sizes=\"(max-width: 1803px) 100vw, 1803px\" \/>\t\t\t\t\t\t\t\t\t\t\t\t\t\t\t<\/div>\n\t\t\t\t<\/div>\n\t\t\t\t<div class=\"elementor-element elementor-element-2d935a4 elementor-widget elementor-widget-image\" data-id=\"2d935a4\" data-element_type=\"widget\" data-widget_type=\"image.default\">\n\t\t\t\t<div class=\"elementor-widget-container\">\n\t\t\t\t\t\t\t\t\t\t\t\t\t\t\t<img loading=\"lazy\" decoding=\"async\" width=\"1802\" height=\"2560\" src=\"https:\/\/szomszed.com\/wp-content\/uploads\/2026\/03\/Szieszta_2026_London-Dry-scaled.png\" class=\"attachment-full size-full wp-image-1444\" alt=\"\" srcset=\"https:\/\/szomszed.com\/wp-content\/uploads\/2026\/03\/Szieszta_2026_London-Dry-scaled.png 1802w, https:\/\/szomszed.com\/wp-content\/uploads\/2026\/03\/Szieszta_2026_London-Dry-211x300.png 211w, https:\/\/szomszed.com\/wp-content\/uploads\/2026\/03\/Szieszta_2026_London-Dry-721x1024.png 721w, https:\/\/szomszed.com\/wp-content\/uploads\/2026\/03\/Szieszta_2026_London-Dry-768x1091.png 768w, https:\/\/szomszed.com\/wp-content\/uploads\/2026\/03\/Szieszta_2026_London-Dry-1081x1536.png 1081w, https:\/\/szomszed.com\/wp-content\/uploads\/2026\/03\/Szieszta_2026_London-Dry-1442x2048.png 1442w, https:\/\/szomszed.com\/wp-content\/uploads\/2026\/03\/Szieszta_2026_London-Dry-8x12.png 8w\" sizes=\"(max-width: 1802px) 100vw, 1802px\" \/>\t\t\t\t\t\t\t\t\t\t\t\t\t\t\t<\/div>\n\t\t\t\t<\/div>\n\t\t\t\t\t<\/div>\n\t\t\t\t<\/div>\n\t\t\t\t<\/div>","protected":false},"excerpt":{"rendered":"<p>A k\u00e1v\u00e9 a k\u00f6z\u00f6s szenved\u00e9ly\u00fcnk! Szeretn\u00e9nk sz\u00e1modra a lehet\u0151 legfinomabb k\u00e1v\u00e9t elk\u00e9sz\u00edteni, saj\u00e1t p\u00f6rk\u00f6l\u00e9s\u0171 Red Lab k\u00e1v\u00e9nkb\u00f3l, mely egy 100% Arabica specialty min\u0151s\u00edt\u00e9s\u0171 k\u00e1v\u00e9! Legyen sz\u00f3 s\u00f6t\u00e9t vagy vil\u00e1gos p\u00f6rk\u00f6l\u00e9sr\u0151l, ak\u00e1r koffeinmentes k\u00e1v\u00e9, hidegen \u00e1ztatott k\u00e1v\u00e9, vagy egy k\u00e1v\u00e9val k\u00e9sz\u00fclt alkoholos vagy mentes italr\u00f3l! Gyere \u00e9s k\u00f3stold meg! H\u00e1zi pubos frissen s\u00fcltekkel, helyben k\u00e9sz\u00fclt m\u00e1rtogat\u00f3sokkal, [&hellip;]<\/p>","protected":false},"author":1,"featured_media":0,"parent":0,"menu_order":0,"comment_status":"closed","ping_status":"closed","template":"elementor_header_footer","meta":{"footnotes":""},"class_list":["post-13","page","type-page","status-publish","hentry"],"_links":{"self":[{"href":"https:\/\/szomszed.com\/de\/wp-json\/wp\/v2\/pages\/13","targetHints":{"allow":["GET"]}}],"collection":[{"href":"https:\/\/szomszed.com\/de\/wp-json\/wp\/v2\/pages"}],"about":[{"href":"https:\/\/szomszed.com\/de\/wp-json\/wp\/v2\/types\/page"}],"author":[{"embeddable":true,"href":"https:\/\/szomszed.com\/de\/wp-json\/wp\/v2\/users\/1"}],"replies":[{"embeddable":true,"href":"https:\/\/szomszed.com\/de\/wp-json\/wp\/v2\/comments?post=13"}],"version-history":[{"count":45,"href":"https:\/\/szomszed.com\/de\/wp-json\/wp\/v2\/pages\/13\/revisions"}],"predecessor-version":[{"id":1449,"href":"https:\/\/szomszed.com\/de\/wp-json\/wp\/v2\/pages\/13\/revisions\/1449"}],"wp:attachment":[{"href":"https:\/\/szomszed.com\/de\/wp-json\/wp\/v2\/media?parent=13"}],"curies":[{"name":"wp","href":"https:\/\/api.w.org\/{rel}","templated":true}]}}